{"id":1167,"date":"2013-04-05T13:33:38","date_gmt":"2013-04-05T13:33:38","guid":{"rendered":"http:\/\/www.kriesi.at\/themes\/enfold\/?page_id=1167"},"modified":"2022-01-20T08:36:14","modified_gmt":"2022-01-20T06:36:14","slug":"kontakt","status":"publish","type":"page","link":"https:\/\/www.widetech.cz\/index.php\/masterhome\/domu\/kontakt\/","title":{"rendered":"Kontakt"},"content":{"rendered":"\n\n<style type=\"text\/css\" data-created_by=\"avia_inline_auto\" id=\"style-css-av-26yykv-56b843eb89f89637f72bc8cda91aa05e\">\n.flex_column.av-26yykv-56b843eb89f89637f72bc8cda91aa05e{\nborder-radius:0px 0px 0px 0px;\npadding:0px 0px 0px 0px;\n}\n<\/style>\n<div  class='flex_column av-26yykv-56b843eb89f89637f72bc8cda91aa05e av_one_full  avia-builder-el-1  el_after_av_codeblock  el_before_av_one_third  first flex_column_div av-zero-column-padding  '     ><p><div  class='hr av-kymlncap-b042deb5270e75e64a262c1d0538ad1e hr-default  avia-builder-el-2  el_before_av_heading  avia-builder-el-first '><span class='hr-inner '><span class=\"hr-inner-style\"><\/span><\/span><\/div><br \/>\n\n<style type=\"text\/css\" data-created_by=\"avia_inline_auto\" id=\"style-css-av-8yt9r-4a817af7f66d1cad89afc7c43da922b7\">\n#top .av-special-heading.av-8yt9r-4a817af7f66d1cad89afc7c43da922b7{\npadding-bottom:10px;\ncolor:#e12043;\n}\nbody .av-special-heading.av-8yt9r-4a817af7f66d1cad89afc7c43da922b7 .av-special-heading-tag .heading-char{\nfont-size:25px;\n}\n.av-special-heading.av-8yt9r-4a817af7f66d1cad89afc7c43da922b7 .special-heading-inner-border{\nborder-color:#e12043;\n}\n.av-special-heading.av-8yt9r-4a817af7f66d1cad89afc7c43da922b7 .av-subheading{\nfont-size:15px;\n}\n<\/style>\n<div  class='av-special-heading av-8yt9r-4a817af7f66d1cad89afc7c43da922b7 av-special-heading-h1 custom-color-heading blockquote modern-quote modern-centered  avia-builder-el-3  el_after_av_hr  avia-builder-el-last '><h1 class='av-special-heading-tag '  itemprop=\"headline\"  >Hlavn\u00ed p\u0159ednosti na\u0161\u00ed spole\u010dnosti<\/h1><div class=\"special-heading-border\"><div class=\"special-heading-inner-border\"><\/div><\/div><\/div><\/p><\/div>\n<style type=\"text\/css\" data-created_by=\"avia_inline_auto\" id=\"style-css-av-aquf7j-1fbeacfee74c04063a8a58bb5a4ada86\">\n.flex_column.av-aquf7j-1fbeacfee74c04063a8a58bb5a4ada86{\nborder-radius:0px 0px 0px 0px;\npadding:0px 0px 0px 0px;\n}\n<\/style>\n<div  class='flex_column av-aquf7j-1fbeacfee74c04063a8a58bb5a4ada86 av_one_third  avia-builder-el-4  el_after_av_one_full  el_before_av_one_third  first flex_column_div av-zero-column-padding  column-top-margin'     ><article  class='iconbox iconbox_left_content av-jjwtpjit-af9543571a4f6c085a15f2c651dca906  avia-builder-el-5  avia-builder-el-no-sibling '  itemscope=\"itemscope\" itemtype=\"https:\/\/schema.org\/CreativeWork\" ><div class=\"iconbox_icon heading-color\" aria-hidden='true' data-av_icon='\ue856' data-av_iconfont='entypo-fontello'><\/div><div class=\"iconbox_content\"><header class=\"entry-content-header\" aria-label=\"Icon: Kvalitn\u00ed vybaven\u00ed\"><h3 class='iconbox_content_title '  itemprop=\"headline\" >Kvalitn\u00ed vybaven\u00ed<\/h3><\/header><div class='iconbox_content_container '  itemprop=\"text\" ><p>Kvalitn\u00ed n\u00e1\u0159ad\u00ed a vybaven\u00ed umo\u017e\u0148uje pr\u00e1ci odv\u00e9st \u010dist\u011b a rychle. Drtiv\u00e1 v\u011bt\u0161ina na\u0161eho vybaven\u00ed je zna\u010dky HILTI.<\/p>\n<\/div><\/div><footer class=\"entry-footer\"><\/footer><\/article><\/div><\/p>\n\n<style type=\"text\/css\" data-created_by=\"avia_inline_auto\" id=\"style-css-av-9hl1sv-2186dce7e4997f167445453bde7b26a4\">\n.flex_column.av-9hl1sv-2186dce7e4997f167445453bde7b26a4{\nborder-radius:0px 0px 0px 0px;\npadding:0px 0px 0px 0px;\n}\n<\/style>\n<div  class='flex_column av-9hl1sv-2186dce7e4997f167445453bde7b26a4 av_one_third  avia-builder-el-6  el_after_av_one_third  el_before_av_one_third  flex_column_div av-zero-column-padding  column-top-margin'     ><article  class='iconbox iconbox_left_content av-jjwtpjit-3ba492e2279ed3911771a45cd8734158  avia-builder-el-7  avia-builder-el-no-sibling '  itemscope=\"itemscope\" itemtype=\"https:\/\/schema.org\/CreativeWork\" ><div class=\"iconbox_icon heading-color\" aria-hidden='true' data-av_icon='\ue862' data-av_iconfont='entypo-fontello'><\/div><div class=\"iconbox_content\"><header class=\"entry-content-header\" aria-label=\"Icon: 15 let zku\u0161enost\u00ed\"><h3 class='iconbox_content_title '  itemprop=\"headline\" >15 let zku\u0161enost\u00ed<\/h3><\/header><div class='iconbox_content_container '  itemprop=\"text\" ><p>Zku\u0161enosti v oboru a zejm\u00e9na v pr\u016fmyslov\u00fdch aplikac\u00edch jsou neoceniteln\u00e9 pro spr\u00e1vn\u00e9 \u0159e\u0161en\u00ed Va\u0161ich po\u017eadavk\u016f.<\/p>\n<\/div><\/div><footer class=\"entry-footer\"><\/footer><\/article><\/div>\n\n<style type=\"text\/css\" data-created_by=\"avia_inline_auto\" id=\"style-css-av-sxwm7-6c3b2a0cba43ae2b58a533209df645e9\">\n.flex_column.av-sxwm7-6c3b2a0cba43ae2b58a533209df645e9{\nborder-radius:0px 0px 0px 0px;\npadding:0px 0px 0px 0px;\n}\n<\/style>\n<div  class='flex_column av-sxwm7-6c3b2a0cba43ae2b58a533209df645e9 av_one_third  avia-builder-el-8  el_after_av_one_third  el_before_av_one_third  flex_column_div av-zero-column-padding  column-top-margin'     ><article  class='iconbox iconbox_left_content av-jjwtpjit-e1b83b75fe151d7e33972e8f56eb297d  avia-builder-el-9  avia-builder-el-no-sibling '  itemscope=\"itemscope\" itemtype=\"https:\/\/schema.org\/CreativeWork\" ><div class=\"iconbox_icon heading-color\" aria-hidden='true' data-av_icon='\ue8c9' data-av_iconfont='entypo-fontello'><\/div><div class=\"iconbox_content\"><header class=\"entry-content-header\" aria-label=\"Icon: Certifikovan\u00e9 znalosti\"><h3 class='iconbox_content_title '  itemprop=\"headline\" >Certifikovan\u00e9 znalosti<\/h3><\/header><div class='iconbox_content_container '  itemprop=\"text\" ><p>St\u00e1l\u00e9 sledov\u00e1n\u00ed v\u00fdvoje technologi\u00ed, absolvov\u00e1n\u00ed \u0161kolen\u00ed a certifikac\u00ed je nezbytnou sou\u010d\u00e1st\u00ed pro realizace projekt\u016f na m\u00edru.<\/p>\n<\/div><\/div><footer class=\"entry-footer\"><\/footer><\/article><\/div>\n\n<style type=\"text\/css\" data-created_by=\"avia_inline_auto\" id=\"style-css-av-sxwm7-46bbe33db03387ce85ed93398bb86d96\">\n.flex_column.av-sxwm7-46bbe33db03387ce85ed93398bb86d96{\nborder-radius:0px 0px 0px 0px;\npadding:0px 0px 0px 0px;\n}\n<\/style>\n<div  class='flex_column av-sxwm7-46bbe33db03387ce85ed93398bb86d96 av_one_third  avia-builder-el-10  el_after_av_one_third  el_before_av_one_third  first flex_column_div av-zero-column-padding  column-top-margin'     ><article  class='iconbox iconbox_left_content av-jjwtpjit-90dfb7fee74ea46b7e69d5b6d59c6b65  avia-builder-el-11  avia-builder-el-no-sibling '  itemscope=\"itemscope\" itemtype=\"https:\/\/schema.org\/CreativeWork\" ><div class=\"iconbox_icon heading-color\" aria-hidden='true' data-av_icon='\ue8cf' data-av_iconfont='entypo-fontello'><\/div><div class=\"iconbox_content\"><header class=\"entry-content-header\" aria-label=\"Icon: Cenov\u00e1 zv\u00fdhodn\u011bn\u00ed\"><h3 class='iconbox_content_title '  itemprop=\"headline\" >Cenov\u00e1 zv\u00fdhodn\u011bn\u00ed<\/h3><\/header><div class='iconbox_content_container '  itemprop=\"text\" ><p>Vzhledem k \u0161irok\u00e9mu portfoliu slu\u017eeb jsme schopni obs\u00e1hnout \u0161irs\u00ed pole p\u0159i realizaci projekt\u016f a u\u0161et\u0159it tak investorovi nemal\u00e9 prost\u0159edky.<\/p>\n<\/div><\/div><footer class=\"entry-footer\"><\/footer><\/article><\/div>\n\n<style type=\"text\/css\" data-created_by=\"avia_inline_auto\" id=\"style-css-av-5ziigf-185e9861fa69e958ac6cc4866c76d296\">\n.flex_column.av-5ziigf-185e9861fa69e958ac6cc4866c76d296{\nborder-radius:0px 0px 0px 0px;\npadding:0px 0px 0px 0px;\n}\n<\/style>\n<div  class='flex_column av-5ziigf-185e9861fa69e958ac6cc4866c76d296 av_one_third  avia-builder-el-12  el_after_av_one_third  el_before_av_one_third  flex_column_div av-zero-column-padding  column-top-margin'     ><article  class='iconbox iconbox_left_content av-jjwtpjit-7b3279011f2f92e1016ab1f341264bc4  avia-builder-el-13  avia-builder-el-no-sibling '  itemscope=\"itemscope\" itemtype=\"https:\/\/schema.org\/CreativeWork\" ><div class=\"iconbox_icon heading-color\" aria-hidden='true' data-av_icon='\ue8b9' data-av_iconfont='entypo-fontello'><\/div><div class=\"iconbox_content\"><header class=\"entry-content-header\" aria-label=\"Icon: Technick\u00e1 podpora\"><h3 class='iconbox_content_title '  itemprop=\"headline\" >Technick\u00e1 podpora<\/h3><\/header><div class='iconbox_content_container '  itemprop=\"text\" ><p>D\u00edky syst\u00e9mu \u0159\u00edzen\u00ed technick\u00e9 podpory, p\u0159i\u0159azov\u00e1n\u00ed ticket\u016f a dal\u0161\u00edho zpracov\u00e1n\u00ed se nestane, \u017ee bychom na V\u00e1\u0161 po\u017eadavek zapom\u011bli. Sami m\u016f\u017eete sledovat v\u00fdvoj \u0159e\u0161en\u00ed.<\/p>\n<\/div><\/div><footer class=\"entry-footer\"><\/footer><\/article><\/div>\n\n<style type=\"text\/css\" data-created_by=\"avia_inline_auto\" id=\"style-css-av-3tfq6n-429ffa6c521afe8ecdb465d389e1103c\">\n.flex_column.av-3tfq6n-429ffa6c521afe8ecdb465d389e1103c{\nborder-radius:0px 0px 0px 0px;\npadding:0px 0px 0px 0px;\n}\n<\/style>\n<div  class='flex_column av-3tfq6n-429ffa6c521afe8ecdb465d389e1103c av_one_third  avia-builder-el-14  el_after_av_one_third  el_before_av_section  avia-builder-el-last  flex_column_div av-zero-column-padding  column-top-margin'     ><article  class='iconbox iconbox_left_content av-jjwtpjit-dae9b21339ff657515389eb528fdbfcb  avia-builder-el-15  avia-builder-el-no-sibling '  itemscope=\"itemscope\" itemtype=\"https:\/\/schema.org\/CreativeWork\" ><div class=\"iconbox_icon heading-color\" aria-hidden='true' data-av_icon='\ue8c2' data-av_iconfont='entypo-fontello'><\/div><div class=\"iconbox_content\"><header class=\"entry-content-header\" aria-label=\"Icon: Nadstandartn\u00ed z\u00e1ruky\"><h3 class='iconbox_content_title '  itemprop=\"headline\" >Nadstandartn\u00ed z\u00e1ruky<\/h3><\/header><div class='iconbox_content_container '  itemprop=\"text\" ><p>Jsme natolik p\u0159esv\u011bd\u010deni kvalitou na\u0161\u00ed pr\u00e1ce a pou\u017eit\u00fdch komponent, \u017ee jsme schopni nab\u00eddnou nadstandartn\u00ed z\u00e1ru\u010dn\u00ed dobu u n\u00e1mi dod\u00e1van\u00fdch \u0159e\u0161en\u00ed.<\/p>\n<\/div><\/div><footer class=\"entry-footer\"><\/footer><\/article><\/div>\n<\/div><\/div><\/div><!-- close content main div --><\/div><\/div>\n<style type=\"text\/css\" data-created_by=\"avia_inline_auto\" id=\"style-css-av-jjwufiew-29813989b5f5ae90e39f43ed80388073\">\n.avia-section.av-jjwufiew-29813989b5f5ae90e39f43ed80388073{\nbackground-color:#f2f2f2;\nbackground-image:unset;\n}\n<\/style>\n<div id='av_section_1'  class='avia-section av-jjwufiew-29813989b5f5ae90e39f43ed80388073 main_color avia-section-default avia-no-border-styling  avia-builder-el-16  el_after_av_one_third  el_before_av_codeblock  avia-bg-style-scroll container_wrap sidebar_right'  ><div class='container av-section-cont-open' ><div class='template-page content  av-content-small alpha units'><div class='post-entry post-entry-type-page post-entry-1167'><div class='entry-content-wrapper clearfix'>\n<div  class='flex_column av-8my30f-911a3df06fba34f5c84993bc0b112326 av_one_fourth  avia-builder-el-17  el_before_av_three_fourth  avia-builder-el-first  first flex_column_div  '     ><section  class='av_textblock_section av-7183wv-8d41b727c963f7c04aaf6f867668f82c '   itemscope=\"itemscope\" itemtype=\"https:\/\/schema.org\/CreativeWork\" ><div class='avia_textblock'  itemprop=\"text\" ><div class=\"wpb_column vc_column_container vc_col-sm-4\">\n<div class=\"vc_column-inner \">\n<div class=\"wpb_wrapper\">\n<div class=\"wpb_text_column wpb_content_element \">\n<div class=\"wpb_wrapper\">\n<h4><strong>Obecn\u00e9 informace<br \/>\n<\/strong><\/h4>\n<div class=\"wpb_text_column wpb_content_element \">\n<div class=\"wpb_wrapper\">\n<p><strong>Adresa<\/strong><br \/>\n\u0160koln\u00ed 771<br \/>\n345 06\u00a0 Kdyn\u011b<\/p>\n<p><strong>Info<\/strong><\/p>\n<p>info@widetech.cz<br \/>\n+420 777 551 745<\/p>\n<p><strong>Widetech s.r.o.<br \/>\n<\/strong>I\u010cO: 06006574<br \/>\nDI\u010c: CZ06006574<br \/>\nSpisov\u00e1 zna\u010dka: C 34438<br \/>\nKrajsk\u00fd soudu v Plzni<\/p>\n<\/div>\n<\/div>\n<\/div>\n<\/div>\n<\/div>\n<\/div>\n<\/div>\n<\/div><\/section><\/div>\n<style type=\"text\/css\" data-created_by=\"avia_inline_auto\" id=\"style-css-av-5mlmcf-d77ab27c076128264cdf1f3f3eed2225\">\n.flex_column.av-5mlmcf-d77ab27c076128264cdf1f3f3eed2225{\nborder-radius:0 0 0 0;\npadding:0px 0px 0px 0px;\n}\n<\/style>\n<div  class='flex_column av-5mlmcf-d77ab27c076128264cdf1f3f3eed2225 av_three_fourth  avia-builder-el-19  el_after_av_one_fourth  avia-builder-el-last  flex_column_div av-animated-generic right-to-left av-zero-column-padding  '     ><p>\n<style type=\"text\/css\" data-created_by=\"avia_inline_auto\" id=\"style-css-av-27p3xr-745d75df434f176221fee3cf3739923a\">\n#top .av-special-heading.av-27p3xr-745d75df434f176221fee3cf3739923a{\nmargin:0 0 0 0;\npadding-bottom:10px;\n}\nbody .av-special-heading.av-27p3xr-745d75df434f176221fee3cf3739923a .av-special-heading-tag .heading-char{\nfont-size:25px;\n}\n.av-special-heading.av-27p3xr-745d75df434f176221fee3cf3739923a .av-subheading{\nfont-size:10px;\n}\n<\/style>\n<div  class='av-special-heading av-27p3xr-745d75df434f176221fee3cf3739923a av-special-heading-h3 meta-heading blockquote modern-quote  avia-builder-el-20  el_before_av_hr  avia-builder-el-first '><h3 class='av-special-heading-tag '  itemprop=\"headline\"  >Za\u0161lete n\u00e1m zpr\u00e1vu<\/h3><div class=\"special-heading-border\"><div class=\"special-heading-inner-border\"><\/div><\/div><\/div><br \/>\n\n<style type=\"text\/css\" data-created_by=\"avia_inline_auto\" id=\"style-css-av-jk9a6iot-d155c577eba764802f5c2f80eac0562b\">\n#top .hr.av-jk9a6iot-d155c577eba764802f5c2f80eac0562b{\nmargin-top:0;\nmargin-bottom:0;\n}\n.hr.av-jk9a6iot-d155c577eba764802f5c2f80eac0562b .hr-inner{\nwidth:50px;\nborder-color:#e12043;\n}\n<\/style>\n<div  class='hr av-jk9a6iot-d155c577eba764802f5c2f80eac0562b hr-custom  avia-builder-el-21  el_after_av_heading  el_before_av_codeblock  hr-left hr-icon-no'><span class='hr-inner inner-border-av-border-fat'><span class=\"hr-inner-style\"><\/span><\/span><\/div><br \/>\n<\/p><\/div>\n<\/div><\/div><\/div><!-- close content main div --><\/div><\/div><div id='after_section_1'  class='main_color av_default_container_wrap container_wrap sidebar_right'  ><div class='container av-section-cont-open' ><div class='template-page content  av-content-small alpha units'><div class='post-entry post-entry-type-page post-entry-1167'><div class='entry-content-wrapper clearfix'>\n\n","protected":false},"excerpt":{"rendered":"","protected":false},"author":1,"featured_media":0,"parent":3370,"menu_order":0,"comment_status":"open","ping_status":"open","template":"","meta":{"_exactmetrics_skip_tracking":false,"_exactmetrics_sitenote_active":false,"_exactmetrics_sitenote_note":"","_exactmetrics_sitenote_category":0},"_links":{"self":[{"href":"https:\/\/www.widetech.cz\/index.php\/wp-json\/wp\/v2\/pages\/1167"}],"collection":[{"href":"https:\/\/www.widetech.cz\/index.php\/wp-json\/wp\/v2\/pages"}],"about":[{"href":"https:\/\/www.widetech.cz\/index.php\/wp-json\/wp\/v2\/types\/page"}],"author":[{"embeddable":true,"href":"https:\/\/www.widetech.cz\/index.php\/wp-json\/wp\/v2\/users\/1"}],"replies":[{"embeddable":true,"href":"https:\/\/www.widetech.cz\/index.php\/wp-json\/wp\/v2\/comments?post=1167"}],"version-history":[{"count":70,"href":"https:\/\/www.widetech.cz\/index.php\/wp-json\/wp\/v2\/pages\/1167\/revisions"}],"predecessor-version":[{"id":4866,"href":"https:\/\/www.widetech.cz\/index.php\/wp-json\/wp\/v2\/pages\/1167\/revisions\/4866"}],"up":[{"embeddable":true,"href":"https:\/\/www.widetech.cz\/index.php\/wp-json\/wp\/v2\/pages\/3370"}],"wp:attachment":[{"href":"https:\/\/www.widetech.cz\/index.php\/wp-json\/wp\/v2\/media?parent=1167"}],"curies":[{"name":"wp","href":"https:\/\/api.w.org\/{rel}","templated":true}]}}