{"id":3289,"date":"2017-09-29T07:18:00","date_gmt":"2017-09-29T07:18:00","guid":{"rendered":"http:\/\/www.widetech.cz\/?page_id=3289"},"modified":"2018-07-30T10:38:43","modified_gmt":"2018-07-30T10:38:43","slug":"pohony-bran","status":"publish","type":"page","link":"https:\/\/www.widetech.cz\/index.php\/masterhome\/domu\/oblasti_cinnosti\/pohony-bran\/","title":{"rendered":"Pohony bran"},"content":{"rendered":"\n<style type=\"text\/css\" data-created_by=\"avia_inline_auto\" id=\"style-css-av-eks85-adfbaf16ae04e0b6b092974332859298\">\n.flex_column.av-eks85-adfbaf16ae04e0b6b092974332859298{\nborder-radius:0px 0px 0px 0px;\npadding:0px 0px 0px 0px;\n}\n<\/style>\n<div  class='flex_column av-eks85-adfbaf16ae04e0b6b092974332859298 av_one_third  avia-builder-el-0  el_before_av_two_third  avia-builder-el-first  first flex_column_div av-zero-column-padding  '     ><style type=\"text\/css\" data-created_by=\"avia_inline_auto\" id=\"style-css-av-jk84s82q-fc6633307265d9a177e242867cc64b69\">\n.avia-image-container.av-jk84s82q-fc6633307265d9a177e242867cc64b69 img.avia_image{\nbox-shadow:none;\n}\n.avia-image-container.av-jk84s82q-fc6633307265d9a177e242867cc64b69 .av-image-caption-overlay-center{\ncolor:#ffffff;\n}\n<\/style>\n<div  class='avia-image-container av-jk84s82q-fc6633307265d9a177e242867cc64b69 av-styling- avia-align-center  avia-builder-el-1  avia-builder-el-no-sibling '   itemprop=\"image\" itemscope=\"itemscope\" itemtype=\"https:\/\/schema.org\/ImageObject\" ><div class=\"avia-image-container-inner\"><div class=\"avia-image-overlay-wrap\"><img decoding=\"async\" class='wp-image-4328 avia-img-lazy-loading-not-4328 avia_image ' src=\"https:\/\/i0.wp.com\/www.widetech.cz\/wp-content\/uploads\/2018\/07\/5cfcd1e370aef82528c8f70e0fb41a8c.png?fit=300%2C180&ssl=1\" alt='' title='5cfcd1e370aef82528c8f70e0fb41a8c'  height=\"180\" width=\"300\"  itemprop=\"thumbnailUrl\" srcset=\"https:\/\/i0.wp.com\/www.widetech.cz\/wp-content\/uploads\/2018\/07\/5cfcd1e370aef82528c8f70e0fb41a8c.png?w=2200&amp;ssl=1 2200w, https:\/\/i0.wp.com\/www.widetech.cz\/wp-content\/uploads\/2018\/07\/5cfcd1e370aef82528c8f70e0fb41a8c.png?resize=300%2C180&amp;ssl=1 300w, https:\/\/i0.wp.com\/www.widetech.cz\/wp-content\/uploads\/2018\/07\/5cfcd1e370aef82528c8f70e0fb41a8c.png?resize=768%2C461&amp;ssl=1 768w, https:\/\/i0.wp.com\/www.widetech.cz\/wp-content\/uploads\/2018\/07\/5cfcd1e370aef82528c8f70e0fb41a8c.png?resize=1030%2C618&amp;ssl=1 1030w, https:\/\/i0.wp.com\/www.widetech.cz\/wp-content\/uploads\/2018\/07\/5cfcd1e370aef82528c8f70e0fb41a8c.png?resize=1500%2C900&amp;ssl=1 1500w, https:\/\/i0.wp.com\/www.widetech.cz\/wp-content\/uploads\/2018\/07\/5cfcd1e370aef82528c8f70e0fb41a8c.png?resize=705%2C423&amp;ssl=1 705w, https:\/\/i0.wp.com\/www.widetech.cz\/wp-content\/uploads\/2018\/07\/5cfcd1e370aef82528c8f70e0fb41a8c.png?resize=450%2C270&amp;ssl=1 450w\" sizes=\"(max-width: 300px) 100vw, 300px\" \/><\/div><\/div><\/div><\/div>\n\n<style type=\"text\/css\" data-created_by=\"avia_inline_auto\" id=\"style-css-av-6rkrp-3e3daddbf573421a11fac756660ba50a\">\n.flex_column.av-6rkrp-3e3daddbf573421a11fac756660ba50a{\nborder-radius:0px 0px 0px 0px;\npadding:0px 0px 0px 0px;\n}\n<\/style>\n<div  class='flex_column av-6rkrp-3e3daddbf573421a11fac756660ba50a av_two_third  avia-builder-el-2  el_after_av_one_third  avia-builder-el-last  flex_column_div av-zero-column-padding  '     ><p>\n<style type=\"text\/css\" data-created_by=\"avia_inline_auto\" id=\"style-css-av-jk84u4sd-92a2a6374a90b427a5e809e47197bd46\">\n#top .hr.hr-invisible.av-jk84u4sd-92a2a6374a90b427a5e809e47197bd46{\nheight:50px;\n}\n<\/style>\n<div  class='hr av-jk84u4sd-92a2a6374a90b427a5e809e47197bd46 hr-invisible  avia-builder-el-3  el_before_av_textblock  avia-builder-el-first '><span class='hr-inner '><span class=\"hr-inner-style\"><\/span><\/span><\/div><br \/>\n<section  class='av_textblock_section av-jk84tsd0-9280085ae96f08b62d8610080db8abbe '   itemscope=\"itemscope\" itemtype=\"https:\/\/schema.org\/CreativeWork\" ><div class='avia_textblock'  itemprop=\"text\" ><h1>Str\u00e1nka v p\u0159\u00edprav\u011b<\/h1>\n<\/div><\/section><\/p><\/div>\n","protected":false},"excerpt":{"rendered":"","protected":false},"author":1,"featured_media":0,"parent":3453,"menu_order":0,"comment_status":"closed","ping_status":"closed","template":"","meta":{"_exactmetrics_skip_tracking":false,"_exactmetrics_sitenote_active":false,"_exactmetrics_sitenote_note":"","_exactmetrics_sitenote_category":0},"_links":{"self":[{"href":"https:\/\/www.widetech.cz\/index.php\/wp-json\/wp\/v2\/pages\/3289"}],"collection":[{"href":"https:\/\/www.widetech.cz\/index.php\/wp-json\/wp\/v2\/pages"}],"about":[{"href":"https:\/\/www.widetech.cz\/index.php\/wp-json\/wp\/v2\/types\/page"}],"author":[{"embeddable":true,"href":"https:\/\/www.widetech.cz\/index.php\/wp-json\/wp\/v2\/users\/1"}],"replies":[{"embeddable":true,"href":"https:\/\/www.widetech.cz\/index.php\/wp-json\/wp\/v2\/comments?post=3289"}],"version-history":[{"count":3,"href":"https:\/\/www.widetech.cz\/index.php\/wp-json\/wp\/v2\/pages\/3289\/revisions"}],"predecessor-version":[{"id":4339,"href":"https:\/\/www.widetech.cz\/index.php\/wp-json\/wp\/v2\/pages\/3289\/revisions\/4339"}],"up":[{"embeddable":true,"href":"https:\/\/www.widetech.cz\/index.php\/wp-json\/wp\/v2\/pages\/3453"}],"wp:attachment":[{"href":"https:\/\/www.widetech.cz\/index.php\/wp-json\/wp\/v2\/media?parent=3289"}],"curies":[{"name":"wp","href":"https:\/\/api.w.org\/{rel}","templated":true}]}}