{"id":4852,"date":"2022-01-18T10:47:39","date_gmt":"2022-01-18T08:47:39","guid":{"rendered":"http:\/\/www.widetech.cz\/?page_id=4852"},"modified":"2022-01-18T10:56:32","modified_gmt":"2022-01-18T08:56:32","slug":"automatizace","status":"publish","type":"page","link":"https:\/\/www.widetech.cz\/index.php\/automatizace\/","title":{"rendered":"Automatizace"},"content":{"rendered":"<div  class='flex_column av-40a2ro-b07870a814cb99020dcb31e0e2d27c42 av_one_fifth  avia-builder-el-0  el_before_av_four_fifth  avia-builder-el-first  first flex_column_div  '     ><style type=\"text\/css\" data-created_by=\"avia_inline_auto\" id=\"style-css-av-kyjvls6j-c1ffc83d7371d4ac7e8dbc94e431f6cb\">\n.av_font_icon.av-kyjvls6j-c1ffc83d7371d4ac7e8dbc94e431f6cb .av-icon-char{\nfont-size:40px;\nline-height:40px;\n}\n<\/style>\n<span  class='av_font_icon av-kyjvls6j-c1ffc83d7371d4ac7e8dbc94e431f6cb avia_animate_when_visible av-icon-style- avia-icon-pos-left av-no-color avia-icon-animate'><span class='av-icon-char' aria-hidden='true' data-av_icon='\ue81c' data-av_iconfont='awesome' ><\/span><\/span><\/div><div  class='flex_column av-2hyp90-039c106d2202501555b808bb8047a67d av_four_fifth  avia-builder-el-2  el_after_av_one_fifth  avia-builder-el-last  flex_column_div  '     ><p>\n<style type=\"text\/css\" data-created_by=\"avia_inline_auto\" id=\"style-css-av-kyjvn8rf-cbdec11c14dee2ec74b75432c0720c90\">\n#top .av-special-heading.av-kyjvn8rf-cbdec11c14dee2ec74b75432c0720c90{\npadding-bottom:10px;\n}\nbody .av-special-heading.av-kyjvn8rf-cbdec11c14dee2ec74b75432c0720c90 .av-special-heading-tag .heading-char{\nfont-size:25px;\n}\n.av-special-heading.av-kyjvn8rf-cbdec11c14dee2ec74b75432c0720c90 .av-subheading{\nfont-size:15px;\n}\n<\/style>\n<div  class='av-special-heading av-kyjvn8rf-cbdec11c14dee2ec74b75432c0720c90 av-special-heading-h3 blockquote modern-quote modern-centered  avia-builder-el-3  el_before_av_countdown  avia-builder-el-first '><h3 class='av-special-heading-tag '  itemprop=\"headline\"  >Prezentace v p\u0159\u00edprav\u011b<\/h3><div class=\"special-heading-border\"><div class=\"special-heading-inner-border\"><\/div><\/div><\/div><br \/>\n<div  class='av-countdown-timer av-kyjvmwoc-cef676dc537dd0bb105d1623e7bf7b84 av-align-center av-default-style av-classic-numbers  avia-builder-el-4  el_after_av_heading  avia-builder-el-last '  data-year=' 2022' data-month='1' data-day=' 27 ' data-hour='12' data-minute='0' data-timezone='60' data-interval='1000' data-maximum='5' ><span class='av-countdown-timer-inner'><span class='av-countdown-cell av-countdown-weeks'><span class='av-countdown-cell-inner'><span class='av-countdown-time' data-upate-width='weeks'>0<\/span><span class='av-countdown-time-label' data-label='Week' data-label-multi='Weeks'>Weeks<\/span><\/span><\/span><span class='av-countdown-cell av-countdown-days'><span class='av-countdown-cell-inner'><span class='av-countdown-time' data-upate-width='days'>0<\/span><span class='av-countdown-time-label' data-label='Day' data-label-multi='Days'>Days<\/span><\/span><\/span><span class='av-countdown-cell av-countdown-hours'><span class='av-countdown-cell-inner'><span class='av-countdown-time' data-upate-width='hours'>0<\/span><span class='av-countdown-time-label' data-label='Hour' data-label-multi='Hours'>Hours<\/span><\/span><\/span><span class='av-countdown-cell av-countdown-minutes'><span class='av-countdown-cell-inner'><span class='av-countdown-time' data-upate-width='minutes'>0<\/span><span class='av-countdown-time-label' data-label='Minute' data-label-multi='Minutes'>Minutes<\/span><\/span><\/span><span class='av-countdown-cell av-countdown-seconds'><span class='av-countdown-cell-inner'><span class='av-countdown-time' data-upate-width='seconds'>0<\/span><span class='av-countdown-time-label' data-label='Second' data-label-multi='Seconds'>Seconds<\/span><\/span><\/span><\/span><\/div><\/p><\/div><\/p>\n","protected":false},"excerpt":{"rendered":"","protected":false},"author":1,"featured_media":0,"parent":0,"menu_order":0,"comment_status":"closed","ping_status":"closed","template":"","meta":{"_exactmetrics_skip_tracking":false,"_exactmetrics_sitenote_active":false,"_exactmetrics_sitenote_note":"","_exactmetrics_sitenote_category":0},"_links":{"self":[{"href":"https:\/\/www.widetech.cz\/index.php\/wp-json\/wp\/v2\/pages\/4852"}],"collection":[{"href":"https:\/\/www.widetech.cz\/index.php\/wp-json\/wp\/v2\/pages"}],"about":[{"href":"https:\/\/www.widetech.cz\/index.php\/wp-json\/wp\/v2\/types\/page"}],"author":[{"embeddable":true,"href":"https:\/\/www.widetech.cz\/index.php\/wp-json\/wp\/v2\/users\/1"}],"replies":[{"embeddable":true,"href":"https:\/\/www.widetech.cz\/index.php\/wp-json\/wp\/v2\/comments?post=4852"}],"version-history":[{"count":3,"href":"https:\/\/www.widetech.cz\/index.php\/wp-json\/wp\/v2\/pages\/4852\/revisions"}],"predecessor-version":[{"id":4858,"href":"https:\/\/www.widetech.cz\/index.php\/wp-json\/wp\/v2\/pages\/4852\/revisions\/4858"}],"wp:attachment":[{"href":"https:\/\/www.widetech.cz\/index.php\/wp-json\/wp\/v2\/media?parent=4852"}],"curies":[{"name":"wp","href":"https:\/\/api.w.org\/{rel}","templated":true}]}}